{"id":260,"date":"2016-07-29T12:11:55","date_gmt":"2016-07-29T10:11:55","guid":{"rendered":"https:\/\/www.soundsuitehotel.it\/pagina-di-esempio\/"},"modified":"2025-07-15T09:33:50","modified_gmt":"2025-07-15T07:33:50","slug":"pagina-di-esempio","status":"publish","type":"page","link":"https:\/\/www.hotelinternationalmisano.com\/de\/","title":{"rendered":"Willkommen im Hotel International"},"content":{"rendered":"<h3>Ihr besonderer Urlaub wird von den Wellen des Meeres mit dem Blau des Horizonts im Hintergrund beruhigt<\/h3>\n<p><em>Schlie\u00dfen Sie die Augen und stellen Sie sich das s\u00fc\u00dfe Rauschen des Meeres im Hintergrund vor &#8230;<\/em><br \/>\nim <strong>3-Sterne International Hotel in Misano Adriatico<\/strong> ist Ihr Urlaub ein <strong>echtes Sinneserlebnis<\/strong>: Jeden Morgen gibt Ihnen die Adria einen guten Morgen, die gute und saubere Luft begleitet Sie den ganzen Tag und die Meeresbrise regeneriert Ihren Geist und K\u00f6rper.<\/p>\n<p>Hier <strong>sind Sie direkt am Strand<\/strong> von Misano Adriatico,golden und ausgestattet, Sie genie\u00dfen das beeindruckende 180-Grad-Panorama \u00fcber die gesamte K\u00fcste.<br \/>\nDie <strong>K\u00fcche <\/strong> ist das wahre Flaggschiff: Unter Fischspezialit\u00e4ten, Fleischrezepten und neuen vegetarischen Kreationen finden Sie immer Ihr Lieblingsgericht f\u00fcr eine besondere Reise <strong>in die kulinarische Tradition der Romagna<\/strong>.<\/p>\n<h3>Michela und Christina kehren ins Hotel International zur\u00fcck!<\/h3>\n<p><em>Es ist wirklich wahr, dass Sie immer dorthin zur\u00fcckkehren, wo Sie gl\u00fccklich waren: <\/em> Nach Jahren kehren Michela und Christina nach Hause zur\u00fcck und bringen die<strong> W\u00e4rme der Romagna<\/strong> und die <strong>Liebe zur Gastfreundschaft mit<\/strong>.<br \/>\nIm <strong>3-Sterne International Hotel direkt am Meer<\/strong> \u00fchlen Sie sich wie zu Hause, aber Sie widmen sich nur Ihrer Entspannung!<\/p>\n","protected":false},"excerpt":{"rendered":"<p>Ihr besonderer Urlaub wird von den Wellen des Meeres mit dem Blau des Horizonts im Hintergrund beruhigt Schlie\u00dfen Sie die Augen und stellen Sie sich das s\u00fc\u00dfe Rauschen des Meeres im Hintergrund vor &#8230; im 3-Sterne International Hotel in Misano Adriatico ist Ihr Urlaub ein echtes Sinneserlebnis: Jeden Morgen gibt Ihnen die Adria einen guten Morgen, die gute und saubere Luft begleitet Sie den ganzen Tag und die Meeresbrise regeneriert &#8230;<\/p>\n","protected":false},"author":1,"featured_media":0,"parent":0,"menu_order":25,"comment_status":"closed","ping_status":"open","template":"","meta":{"_acf_changed":false},"class_list":["post-260","page","type-page","status-publish","hentry"],"acf":[],"_links":{"self":[{"href":"https:\/\/www.hotelinternationalmisano.com\/de\/wp-json\/wp\/v2\/pages\/260","targetHints":{"allow":["GET"]}}],"collection":[{"href":"https:\/\/www.hotelinternationalmisano.com\/de\/wp-json\/wp\/v2\/pages"}],"about":[{"href":"https:\/\/www.hotelinternationalmisano.com\/de\/wp-json\/wp\/v2\/types\/page"}],"author":[{"embeddable":true,"href":"https:\/\/www.hotelinternationalmisano.com\/de\/wp-json\/wp\/v2\/users\/1"}],"replies":[{"embeddable":true,"href":"https:\/\/www.hotelinternationalmisano.com\/de\/wp-json\/wp\/v2\/comments?post=260"}],"version-history":[{"count":0,"href":"https:\/\/www.hotelinternationalmisano.com\/de\/wp-json\/wp\/v2\/pages\/260\/revisions"}],"wp:attachment":[{"href":"https:\/\/www.hotelinternationalmisano.com\/de\/wp-json\/wp\/v2\/media?parent=260"}],"curies":[{"name":"wp","href":"https:\/\/api.w.org\/{rel}","templated":true}]}}