{"id":340,"date":"2018-10-22T14:51:55","date_gmt":"2018-10-22T12:51:55","guid":{"rendered":"https:\/\/www.soundsuitehotel.it\/iscrizione-newsletter\/"},"modified":"2018-10-22T17:31:10","modified_gmt":"2018-10-22T15:31:10","slug":"newsletter","status":"publish","type":"page","link":"https:\/\/www.hotelinternationalmisano.com\/de\/newsletter\/","title":{"rendered":"Danke f\u00fcr die Registrierung f\u00fcr unseren Newsletter"},"content":{"rendered":"<p><strong><span style=\"font-size: 14pt;\">Ihr E-Mail-Abonnement ist fast abgeschlossen &#8230;<\/span><\/strong><\/p>\n<p>Eine E-Mail wurde an die von Ihnen angegebene E-Mail-Adresse gesendet.<br \/>\nIn der E-Mail gibt es einen Best\u00e4tigungslink. <strong>Um Neuigkeiten und exklusive Angebote zu erhalten, klicken Sie auf den Link, um Ihr Abonnement f\u00fcr den Sound Suite Newsletter zu best\u00e4tigen.<\/strong><\/p>\n","protected":false},"excerpt":{"rendered":"<p>Ihr E-Mail-Abonnement ist fast abgeschlossen &#8230; Eine E-Mail wurde an die von Ihnen angegebene E-Mail-Adresse gesendet. In der E-Mail gibt es einen Best\u00e4tigungslink. Um Neuigkeiten und exklusive Angebote zu erhalten, klicken Sie auf den Link, um Ihr Abonnement f\u00fcr den Sound Suite Newsletter zu best\u00e4tigen.<\/p>\n","protected":false},"author":1,"featured_media":0,"parent":0,"menu_order":0,"comment_status":"closed","ping_status":"closed","template":"","meta":{"_acf_changed":false},"class_list":["post-340","page","type-page","status-publish","hentry"],"acf":[],"_links":{"self":[{"href":"https:\/\/www.hotelinternationalmisano.com\/de\/wp-json\/wp\/v2\/pages\/340","targetHints":{"allow":["GET"]}}],"collection":[{"href":"https:\/\/www.hotelinternationalmisano.com\/de\/wp-json\/wp\/v2\/pages"}],"about":[{"href":"https:\/\/www.hotelinternationalmisano.com\/de\/wp-json\/wp\/v2\/types\/page"}],"author":[{"embeddable":true,"href":"https:\/\/www.hotelinternationalmisano.com\/de\/wp-json\/wp\/v2\/users\/1"}],"replies":[{"embeddable":true,"href":"https:\/\/www.hotelinternationalmisano.com\/de\/wp-json\/wp\/v2\/comments?post=340"}],"version-history":[{"count":0,"href":"https:\/\/www.hotelinternationalmisano.com\/de\/wp-json\/wp\/v2\/pages\/340\/revisions"}],"wp:attachment":[{"href":"https:\/\/www.hotelinternationalmisano.com\/de\/wp-json\/wp\/v2\/media?parent=340"}],"curies":[{"name":"wp","href":"https:\/\/api.w.org\/{rel}","templated":true}]}}