{"id":339,"date":"2018-10-22T14:51:55","date_gmt":"2018-10-22T12:51:55","guid":{"rendered":"https:\/\/www.soundsuitehotel.it\/iscrizione-newsletter\/"},"modified":"2018-10-22T17:29:56","modified_gmt":"2018-10-22T15:29:56","slug":"newsletter","status":"publish","type":"page","link":"https:\/\/www.hotelinternationalmisano.com\/fr\/newsletter\/","title":{"rendered":"Merci de vous \u00eatre inscrit \u00e0 notre newsletter"},"content":{"rendered":"<p><strong><span style=\"font-size: 14pt;\">\u00a0<\/span><\/strong><br \/>\n<strong><span style=\"font-size: 14pt;\">Votre inscription e-mail est presque termin\u00e9e &#8230;<\/span><\/strong><\/p>\n<p>Un email a \u00e9t\u00e9 envoy\u00e9 \u00e0 l&rsquo;adresse email que vous avez entr\u00e9e.<br \/>\nDans l&#8217;email, il y a un lien de confirmation. <strong>Pour recevoir nos nouvelles et offres exclusives, cliquez sur le lien et confirmez votre inscription \u00e0 la newsletter de Sound\u00a0 Suite Riccione.<\/strong><\/p>\n","protected":false},"excerpt":{"rendered":"<p>\u00a0 Votre inscription e-mail est presque termin\u00e9e &#8230; Un email a \u00e9t\u00e9 envoy\u00e9 \u00e0 l&rsquo;adresse email que vous avez entr\u00e9e. Dans l&#8217;email, il y a un lien de confirmation. Pour recevoir nos nouvelles et offres exclusives, cliquez sur le lien et confirmez votre inscription \u00e0 la newsletter de Sound\u00a0 Suite Riccione.<\/p>\n","protected":false},"author":1,"featured_media":0,"parent":0,"menu_order":0,"comment_status":"closed","ping_status":"closed","template":"","meta":{"_acf_changed":false},"class_list":["post-339","page","type-page","status-publish","hentry"],"acf":[],"_links":{"self":[{"href":"https:\/\/www.hotelinternationalmisano.com\/fr\/wp-json\/wp\/v2\/pages\/339","targetHints":{"allow":["GET"]}}],"collection":[{"href":"https:\/\/www.hotelinternationalmisano.com\/fr\/wp-json\/wp\/v2\/pages"}],"about":[{"href":"https:\/\/www.hotelinternationalmisano.com\/fr\/wp-json\/wp\/v2\/types\/page"}],"author":[{"embeddable":true,"href":"https:\/\/www.hotelinternationalmisano.com\/fr\/wp-json\/wp\/v2\/users\/1"}],"replies":[{"embeddable":true,"href":"https:\/\/www.hotelinternationalmisano.com\/fr\/wp-json\/wp\/v2\/comments?post=339"}],"version-history":[{"count":0,"href":"https:\/\/www.hotelinternationalmisano.com\/fr\/wp-json\/wp\/v2\/pages\/339\/revisions"}],"wp:attachment":[{"href":"https:\/\/www.hotelinternationalmisano.com\/fr\/wp-json\/wp\/v2\/media?parent=339"}],"curies":[{"name":"wp","href":"https:\/\/api.w.org\/{rel}","templated":true}]}}